{"id":1409,"date":"2025-09-23T12:31:55","date_gmt":"2025-09-23T12:31:55","guid":{"rendered":"https:\/\/rabbrconfr.com\/?page_id=1409"},"modified":"2025-09-23T12:31:55","modified_gmt":"2025-09-23T12:31:55","slug":"kontaktujte-nas","status":"publish","type":"page","link":"https:\/\/rabbrconfr.com\/?page_id=1409","title":{"rendered":"Kontaktujte n\u00e1s"},"content":{"rendered":"<p>Tyto webov\u00e9 str\u00e1nky vlastn\u00ed Rabbrconfr S.R.O. Sna\u017e\u00edme se na\u0161im u\u017eivatel\u016fm poskytovat relevantn\u00ed a u\u017eite\u010dn\u00e9 informace.<\/p>\n<p>N\u00e1zev spole\u010dnosti: Rabbrconfr S.R.O.<br \/>\nPr\u00e1vn\u00ed adresa: Husova 1621\/8, 586 01 Jihlava 1, \u010cesk\u00e1 republika<br \/>\nE-mail: <a href=\"mailto:info@rabbrconfr.com\">info@rabbrconfr.com<\/a><br \/>\nTelefon: <a href=\"tel:+420770280301\">+420 770 280 301<\/a><br \/>\nGener\u00e1ln\u00ed \u0159editel: Dagmar \u0158\u00edhov\u00e1<br \/>\nRegistra\u010dn\u00ed \u010d\u00edslo: 74874721<br \/>\nN\u00e1zev registruj\u00edc\u00edho org\u00e1nu: Advok\u00e1tn\u00ed spole\u010dnost \u0160ev\u010d\u00edk<br \/>\nAdresa registruj\u00edc\u00edho org\u00e1nu: Majakovsk\u00e9ho 1517, 586 01 Jihlava 1<\/p>\n<p><b>Obsah Odpov\u011bdnost:<\/b><br \/>\nOdpov\u011bdnost za obsah odkaz\u016f na webov\u00e9 str\u00e1nky t\u0159et\u00edch stran, kter\u00e9 mohou b\u00fdt dostupn\u00e9 na na\u0161ich webov\u00fdch str\u00e1nk\u00e1ch, neneseme odpov\u011bdnost. Ve\u0161kerou odpov\u011bdnost za obsah t\u011bchto odkaz\u016f nesou jejich p\u0159\u00edslu\u0161n\u00ed vlastn\u00edci. Neneseme odpov\u011bdnost za jak\u00e9koli p\u0159\u00edm\u00e9 \u010di nep\u0159\u00edm\u00e9 \u0161kody vznikl\u00e9 v d\u016fsledku pou\u017e\u00edv\u00e1n\u00ed informac\u00ed uveden\u00fdch na na\u0161ich str\u00e1nk\u00e1ch.<\/p>\n<p><b>Autorsk\u00e1 pr\u00e1va:<\/b><br \/>\nVe\u0161ker\u00fd materi\u00e1l na na\u0161ich webov\u00fdch str\u00e1nk\u00e1ch, v\u010detn\u011b textu, obr\u00e1zk\u016f, grafiky, designu a softwaru, je chr\u00e1n\u011bn autorsk\u00fdmi pr\u00e1vy. Jeho pou\u017e\u00edv\u00e1n\u00ed nebo \u0161\u00ed\u0159en\u00ed bez souhlasu dr\u017eitele autorsk\u00fdch pr\u00e1v je zak\u00e1z\u00e1no.<\/p>\n<p>V p\u0159\u00edpad\u011b jak\u00fdchkoli dotaz\u016f nebo p\u0159ipom\u00ednek t\u00fdkaj\u00edc\u00edch se na\u0161ich webov\u00fdch str\u00e1nek nebo na\u0161\u00ed spole\u010dnosti n\u00e1s pros\u00edm kontaktujte pomoc\u00ed v\u00fd\u0161e uveden\u00fdch kontaktn\u00edch \u00fadaj\u016f.<\/p>\n<p><b>Z\u00e1sady ochrany osobn\u00edch \u00fadaj\u016f:<\/b><br \/>\nRespektujeme va\u0161e soukrom\u00ed a chr\u00e1n\u00edme va\u0161e osobn\u00ed \u00fadaje. Dal\u0161\u00ed informace naleznete v na\u0161ich z\u00e1sad\u00e1ch ochrany osobn\u00edch \u00fadaj\u016f.<\/p>\n","protected":false},"excerpt":{"rendered":"<p>Tyto webov\u00e9 str\u00e1nky vlastn\u00ed Rabbrconfr S.R.O. Sna\u017e\u00edme se na\u0161im u\u017eivatel\u016fm poskytovat relevantn\u00ed a u\u017eite\u010dn\u00e9 informace. N\u00e1zev spole\u010dnosti: Rabbrconfr S.R.O. Pr\u00e1vn\u00ed adresa: Husova 1621\/8, 586 01 Jihlava 1, \u010cesk\u00e1 republika E-mail:&hellip;<\/p>\n","protected":false},"author":1,"featured_media":0,"parent":0,"menu_order":0,"comment_status":"closed","ping_status":"closed","template":"","meta":{"footnotes":""},"class_list":["post-1409","page","type-page","status-publish","hentry"],"_links":{"self":[{"href":"https:\/\/rabbrconfr.com\/index.php?rest_route=\/wp\/v2\/pages\/1409","targetHints":{"allow":["GET"]}}],"collection":[{"href":"https:\/\/rabbrconfr.com\/index.php?rest_route=\/wp\/v2\/pages"}],"about":[{"href":"https:\/\/rabbrconfr.com\/index.php?rest_route=\/wp\/v2\/types\/page"}],"author":[{"embeddable":true,"href":"https:\/\/rabbrconfr.com\/index.php?rest_route=\/wp\/v2\/users\/1"}],"replies":[{"embeddable":true,"href":"https:\/\/rabbrconfr.com\/index.php?rest_route=%2Fwp%2Fv2%2Fcomments&post=1409"}],"version-history":[{"count":1,"href":"https:\/\/rabbrconfr.com\/index.php?rest_route=\/wp\/v2\/pages\/1409\/revisions"}],"predecessor-version":[{"id":1410,"href":"https:\/\/rabbrconfr.com\/index.php?rest_route=\/wp\/v2\/pages\/1409\/revisions\/1410"}],"wp:attachment":[{"href":"https:\/\/rabbrconfr.com\/index.php?rest_route=%2Fwp%2Fv2%2Fmedia&parent=1409"}],"curies":[{"name":"wp","href":"https:\/\/api.w.org\/{rel}","templated":true}]}}